{"id":276,"date":"2024-09-27T09:45:44","date_gmt":"2024-09-27T09:45:44","guid":{"rendered":"https:\/\/mathiasfoit.com\/?page_id=276"},"modified":"2024-10-03T08:31:18","modified_gmt":"2024-10-03T06:31:18","slug":"projects","status":"publish","type":"page","link":"https:\/\/mathiasfoit.com\/de\/projects\/","title":{"rendered":"Projekte"},"content":{"rendered":"<div data-elementor-type=\"wp-page\" data-elementor-id=\"276\" class=\"elementor elementor-276\" data-elementor-post-type=\"page\">\n\t\t\t\t<div class=\"elementor-element elementor-element-14752f2 e-flex e-con-boxed e-con e-parent\" data-id=\"14752f2\" data-element_type=\"container\" data-e-type=\"container\">\n\t\t\t\t\t<div class=\"e-con-inner\">\n\t\t\t\t<div class=\"elementor-element elementor-element-e602073 elementor-widget elementor-widget-heading\" data-id=\"e602073\" data-element_type=\"widget\" data-e-type=\"widget\" data-widget_type=\"heading.default\">\n\t\t\t\t<div class=\"elementor-widget-container\">\n\t\t\t\t\t<h1 class=\"elementor-heading-title elementor-size-default\">Odmie\u0144cy. Queerowy Wroc\u0142aw w latach 1871-1949 (\u201eAndersgeartete. Queeres Breslau in den Jahren 1871-1949\u201c)<\/h1>\t\t\t\t<\/div>\n\t\t\t\t<\/div>\n\t\t\t\t<div class=\"elementor-element elementor-element-5b8378e elementor-widget elementor-widget-text-editor\" data-id=\"5b8378e\" data-element_type=\"widget\" data-e-type=\"widget\" data-widget_type=\"text-editor.default\">\n\t\t\t\t<div class=\"elementor-widget-container\">\n\t\t\t\t\t\t\t\t\t<p>Ziel dieses Projektes, das vom Stadtpr\u00e4sidenten von Wroc\u0142aw mitfinanziert wird, ist die Durchf\u00fchrung von Archivrecherchen und Gespr\u00e4chen mit lokalen Expert*innen f\u00fcr die regionale Geschichte Niederschlesiens. Begleitet wird das Projekt von einer Reihe von Bildungs- und Kulturveranstaltungen sowie der Erstellung eines queergeschichtlichen Archivs f\u00fcr die Stadt Wroc\u0142aw und die Region Niederschlesien und eines deutsch-polnischen Sammelbandes.<\/p>\t\t\t\t\t\t\t\t<\/div>\n\t\t\t\t<\/div>\n\t\t\t\t<div class=\"elementor-element elementor-element-e4ede82 elementor-widget elementor-widget-text-editor\" data-id=\"e4ede82\" data-element_type=\"widget\" data-e-type=\"widget\" data-widget_type=\"text-editor.default\">\n\t\t\t\t<div class=\"elementor-widget-container\">\n\t\t\t\t\t\t\t\t\t<p class=\"translation-block\">This project is being carried out together with <a href=\"https:\/\/joannaostrowska.com\/\" target=\"_blank\" rel=\"noopener\">Dr Joanna Ostrowska<\/a>, a renowned scholar of the history of forgotten victims (including queer) of the Holocaust.<\/p>\t\t\t\t\t\t\t\t<\/div>\n\t\t\t\t<\/div>\n\t\t\t\t\t<\/div>\n\t\t\t\t<\/div>\n\t\t\t\t<\/div>","protected":false},"excerpt":{"rendered":"<p>Odmie\u0144cy. Queerowy Wroc\u0142aw w latach 1871-1949 (&#8220;Misfits. Queer Breslau\/Wroclaw, 1871-1949\u201d) The aim of this project, co-funded by the Mayor of the City of Wroc\u0142aw, is to conduct archival research and interviews with local experts on the regional history of Lower Silesia. Accompanied by a series of cultural and educational events popularising queer history, the project [&hellip;]<\/p>\n","protected":false},"author":1,"featured_media":0,"parent":0,"menu_order":0,"comment_status":"closed","ping_status":"closed","template":"","meta":{"footnotes":""},"class_list":["post-276","page","type-page","status-publish","hentry"],"yoast_head":"<!-- This site is optimized with the Yoast SEO plugin v27.4 - https:\/\/yoast.com\/product\/yoast-seo-wordpress\/ -->\n<title>Projects - Mathias Foit<\/title>\n<meta name=\"robots\" content=\"index, follow, max-snippet:-1, max-image-preview:large, max-video-preview:-1\" \/>\n<link rel=\"canonical\" href=\"https:\/\/mathiasfoit.com\/de\/projects\/\" \/>\n<meta property=\"og:locale\" content=\"de_DE\" \/>\n<meta property=\"og:type\" content=\"article\" \/>\n<meta property=\"og:title\" content=\"Projects - Mathias Foit\" \/>\n<meta property=\"og:description\" content=\"Odmie\u0144cy. Queerowy Wroc\u0142aw w latach 1871-1949 (&#8220;Misfits. Queer Breslau\/Wroclaw, 1871-1949\u201d) The aim of this project, co-funded by the Mayor of the City of Wroc\u0142aw, is to conduct archival research and interviews with local experts on the regional history of Lower Silesia. Accompanied by a series of cultural and educational events popularising queer history, the project [&hellip;]\" \/>\n<meta property=\"og:url\" content=\"https:\/\/mathiasfoit.com\/de\/projects\/\" \/>\n<meta property=\"og:site_name\" content=\"Mathias Foit\" \/>\n<meta property=\"article:modified_time\" content=\"2024-10-03T06:31:18+00:00\" \/>\n<meta name=\"twitter:card\" content=\"summary_large_image\" \/>\n<meta name=\"twitter:label1\" content=\"Gesch\u00e4tzte Lesezeit\" \/>\n\t<meta name=\"twitter:data1\" content=\"1\u00a0Minute\" \/>\n<script type=\"application\/ld+json\" class=\"yoast-schema-graph\">{\"@context\":\"https:\\\/\\\/schema.org\",\"@graph\":[{\"@type\":\"WebPage\",\"@id\":\"https:\\\/\\\/mathiasfoit.com\\\/pl\\\/projects\\\/\",\"url\":\"https:\\\/\\\/mathiasfoit.com\\\/pl\\\/projects\\\/\",\"name\":\"Projects - Mathias Foit\",\"isPartOf\":{\"@id\":\"https:\\\/\\\/mathiasfoit.com\\\/pl\\\/#website\"},\"datePublished\":\"2024-09-27T09:45:44+00:00\",\"dateModified\":\"2024-10-03T06:31:18+00:00\",\"breadcrumb\":{\"@id\":\"https:\\\/\\\/mathiasfoit.com\\\/pl\\\/projects\\\/#breadcrumb\"},\"inLanguage\":\"de\",\"potentialAction\":[{\"@type\":\"ReadAction\",\"target\":[\"https:\\\/\\\/mathiasfoit.com\\\/pl\\\/projects\\\/\"]}]},{\"@type\":\"BreadcrumbList\",\"@id\":\"https:\\\/\\\/mathiasfoit.com\\\/pl\\\/projects\\\/#breadcrumb\",\"itemListElement\":[{\"@type\":\"ListItem\",\"position\":1,\"name\":\"Startseite\",\"item\":\"https:\\\/\\\/mathiasfoit.com\\\/pl\\\/\"},{\"@type\":\"ListItem\",\"position\":2,\"name\":\"Projects\"}]},{\"@type\":\"WebSite\",\"@id\":\"https:\\\/\\\/mathiasfoit.com\\\/pl\\\/#website\",\"url\":\"https:\\\/\\\/mathiasfoit.com\\\/pl\\\/\",\"name\":\"Mathias Foit\",\"description\":\"\",\"publisher\":{\"@id\":\"https:\\\/\\\/mathiasfoit.com\\\/pl\\\/#\\\/schema\\\/person\\\/dcbf26b1269f1bd0f761bef101d2edb6\"},\"potentialAction\":[{\"@type\":\"SearchAction\",\"target\":{\"@type\":\"EntryPoint\",\"urlTemplate\":\"https:\\\/\\\/mathiasfoit.com\\\/pl\\\/?s={search_term_string}\"},\"query-input\":{\"@type\":\"PropertyValueSpecification\",\"valueRequired\":true,\"valueName\":\"search_term_string\"}}],\"inLanguage\":\"de\"},{\"@type\":[\"Person\",\"Organization\"],\"@id\":\"https:\\\/\\\/mathiasfoit.com\\\/pl\\\/#\\\/schema\\\/person\\\/dcbf26b1269f1bd0f761bef101d2edb6\",\"name\":\"admin\",\"image\":{\"@type\":\"ImageObject\",\"inLanguage\":\"de\",\"@id\":\"https:\\\/\\\/mathiasfoit.com\\\/wp-content\\\/uploads\\\/2024\\\/09\\\/cropped-Logo_1.png\",\"url\":\"https:\\\/\\\/mathiasfoit.com\\\/wp-content\\\/uploads\\\/2024\\\/09\\\/cropped-Logo_1.png\",\"contentUrl\":\"https:\\\/\\\/mathiasfoit.com\\\/wp-content\\\/uploads\\\/2024\\\/09\\\/cropped-Logo_1.png\",\"width\":744,\"height\":613,\"caption\":\"admin\"},\"logo\":{\"@id\":\"https:\\\/\\\/mathiasfoit.com\\\/wp-content\\\/uploads\\\/2024\\\/09\\\/cropped-Logo_1.png\"},\"sameAs\":[\"https:\\\/\\\/mathiasfoit.com\"]}]}<\/script>\n<!-- \/ Yoast SEO plugin. -->","yoast_head_json":{"title":"Projects - Mathias Foit","robots":{"index":"index","follow":"follow","max-snippet":"max-snippet:-1","max-image-preview":"max-image-preview:large","max-video-preview":"max-video-preview:-1"},"canonical":"https:\/\/mathiasfoit.com\/de\/projects\/","og_locale":"de_DE","og_type":"article","og_title":"Projects - Mathias Foit","og_description":"Odmie\u0144cy. Queerowy Wroc\u0142aw w latach 1871-1949 (&#8220;Misfits. Queer Breslau\/Wroclaw, 1871-1949\u201d) The aim of this project, co-funded by the Mayor of the City of Wroc\u0142aw, is to conduct archival research and interviews with local experts on the regional history of Lower Silesia. Accompanied by a series of cultural and educational events popularising queer history, the project [&hellip;]","og_url":"https:\/\/mathiasfoit.com\/de\/projects\/","og_site_name":"Mathias Foit","article_modified_time":"2024-10-03T06:31:18+00:00","twitter_card":"summary_large_image","twitter_misc":{"Gesch\u00e4tzte Lesezeit":"1\u00a0Minute"},"schema":{"@context":"https:\/\/schema.org","@graph":[{"@type":"WebPage","@id":"https:\/\/mathiasfoit.com\/pl\/projects\/","url":"https:\/\/mathiasfoit.com\/pl\/projects\/","name":"Projects - Mathias Foit","isPartOf":{"@id":"https:\/\/mathiasfoit.com\/pl\/#website"},"datePublished":"2024-09-27T09:45:44+00:00","dateModified":"2024-10-03T06:31:18+00:00","breadcrumb":{"@id":"https:\/\/mathiasfoit.com\/pl\/projects\/#breadcrumb"},"inLanguage":"de","potentialAction":[{"@type":"ReadAction","target":["https:\/\/mathiasfoit.com\/pl\/projects\/"]}]},{"@type":"BreadcrumbList","@id":"https:\/\/mathiasfoit.com\/pl\/projects\/#breadcrumb","itemListElement":[{"@type":"ListItem","position":1,"name":"Startseite","item":"https:\/\/mathiasfoit.com\/pl\/"},{"@type":"ListItem","position":2,"name":"Projects"}]},{"@type":"WebSite","@id":"https:\/\/mathiasfoit.com\/pl\/#website","url":"https:\/\/mathiasfoit.com\/pl\/","name":"Mathias Foit","description":"","publisher":{"@id":"https:\/\/mathiasfoit.com\/pl\/#\/schema\/person\/dcbf26b1269f1bd0f761bef101d2edb6"},"potentialAction":[{"@type":"SearchAction","target":{"@type":"EntryPoint","urlTemplate":"https:\/\/mathiasfoit.com\/pl\/?s={search_term_string}"},"query-input":{"@type":"PropertyValueSpecification","valueRequired":true,"valueName":"search_term_string"}}],"inLanguage":"de"},{"@type":["Person","Organization"],"@id":"https:\/\/mathiasfoit.com\/pl\/#\/schema\/person\/dcbf26b1269f1bd0f761bef101d2edb6","name":"admin","image":{"@type":"ImageObject","inLanguage":"de","@id":"https:\/\/mathiasfoit.com\/wp-content\/uploads\/2024\/09\/cropped-Logo_1.png","url":"https:\/\/mathiasfoit.com\/wp-content\/uploads\/2024\/09\/cropped-Logo_1.png","contentUrl":"https:\/\/mathiasfoit.com\/wp-content\/uploads\/2024\/09\/cropped-Logo_1.png","width":744,"height":613,"caption":"admin"},"logo":{"@id":"https:\/\/mathiasfoit.com\/wp-content\/uploads\/2024\/09\/cropped-Logo_1.png"},"sameAs":["https:\/\/mathiasfoit.com"]}]}},"_links":{"self":[{"href":"https:\/\/mathiasfoit.com\/de\/wp-json\/wp\/v2\/pages\/276","targetHints":{"allow":["GET"]}}],"collection":[{"href":"https:\/\/mathiasfoit.com\/de\/wp-json\/wp\/v2\/pages"}],"about":[{"href":"https:\/\/mathiasfoit.com\/de\/wp-json\/wp\/v2\/types\/page"}],"author":[{"embeddable":true,"href":"https:\/\/mathiasfoit.com\/de\/wp-json\/wp\/v2\/users\/1"}],"replies":[{"embeddable":true,"href":"https:\/\/mathiasfoit.com\/de\/wp-json\/wp\/v2\/comments?post=276"}],"version-history":[{"count":22,"href":"https:\/\/mathiasfoit.com\/de\/wp-json\/wp\/v2\/pages\/276\/revisions"}],"predecessor-version":[{"id":816,"href":"https:\/\/mathiasfoit.com\/de\/wp-json\/wp\/v2\/pages\/276\/revisions\/816"}],"wp:attachment":[{"href":"https:\/\/mathiasfoit.com\/de\/wp-json\/wp\/v2\/media?parent=276"}],"curies":[{"name":"wp","href":"https:\/\/api.w.org\/{rel}","templated":true}]}}