{"id":3,"date":"2024-09-16T10:53:12","date_gmt":"2024-09-16T10:53:12","guid":{"rendered":"https:\/\/mathiasfoit.com\/?page_id=3"},"modified":"2024-09-28T08:04:16","modified_gmt":"2024-09-28T06:04:16","slug":"privacy-policy","status":"publish","type":"page","link":"https:\/\/mathiasfoit.com\/de\/privacy-policy\/","title":{"rendered":"Privacy Policy"},"content":{"rendered":"<div class=\"fluid-engine fe-66753e5805dae94cdaff4d82\">\n<div class=\"fe-block fe-block-yui_3_17_2_1_1718959573740_11319\">\n<div id=\"block-yui_3_17_2_1_1718959573740_11319\" class=\"sqs-block html-block sqs-block-html\" data-blend-mode=\"NORMAL\" data-block-type=\"2\" data-border-radii=\"{&quot;topLeft&quot;:{&quot;unit&quot;:&quot;px&quot;,&quot;value&quot;:0.0},&quot;topRight&quot;:{&quot;unit&quot;:&quot;px&quot;,&quot;value&quot;:0.0},&quot;bottomLeft&quot;:{&quot;unit&quot;:&quot;px&quot;,&quot;value&quot;:0.0},&quot;bottomRight&quot;:{&quot;unit&quot;:&quot;px&quot;,&quot;value&quot;:0.0}}\">\n<div class=\"sqs-block-content\">\n<div class=\"sqs-html-content\">\n<h3 class=\"preFade fadeIn\">Datenschutzerkl\u00e4rung<\/h3>\n<h4 class=\"preFade fadeIn\">Pr\u00e4ambel<\/h4>\n<p class=\"preFade fadeIn\">Mit der folgenden Datenschutzerkl\u00e4rung m\u00f6chten wir Sie dar\u00fcber aufkl\u00e4ren, welche Arten Ihrer personenbezogenen Daten (nachfolgend auch kurz als &#8220;Daten&#8221; bezeichnet) wir zu welchen Zwecken und in welchem Umfang verarbeiten. Die Datenschutzerkl\u00e4rung gilt f\u00fcr alle von uns durchgef\u00fchrten Verarbeitungen personenbezogener Daten, sowohl im Rahmen der Erbringung unserer Leistungen als auch insbesondere auf unseren Webseiten, in mobilen Applikationen sowie innerhalb externer Onlinepr\u00e4senzen, wie z.\u00a0B. unserer Social-Media-Profile (nachfolgend zusammenfassend bezeichnet als &#8220;Onlineangebot&#8221;).<\/p>\n<p class=\"preFade fadeIn\">Die verwendeten Begriffe sind nicht geschlechtsspezifisch.<\/p>\n<p class=\"preFade fadeIn\">Stand: 21. Juni 2024<\/p>\n<h4 class=\"preFade fadeIn\">Verantwortlicher<\/h4>\n<p class=\"preFade fadeIn\">Mathias Foit<br \/>10367 Berlin<\/p>\n<p class=\"preFade fadeIn\">E-Mail-Adresse: mathiasfoit@posteo.de<\/p>\n<h4 class=\"preFade fadeIn\">Ma\u00dfgebliche Rechtsgrundlagen<\/h4>\n<p class=\"preFade fadeIn\"><strong>Ma\u00dfgebliche Rechtsgrundlagen nach der DSGVO: <\/strong>Im Folgenden erhalten Sie eine \u00dcbersicht der Rechtsgrundlagen der DSGVO, auf deren Basis wir personenbezogene Daten verarbeiten. Bitte nehmen Sie zur Kenntnis, dass neben den Regelungen der DSGVO nationale Datenschutzvorgaben in Ihrem bzw. unserem Wohn- oder Sitzland gelten k\u00f6nnen. Sollten ferner im Einzelfall speziellere Rechtsgrundlagen ma\u00dfgeblich sein, teilen wir Ihnen diese in der Datenschutzerkl\u00e4rung mit.<\/p>\n<ul data-rte-list=\"default\">\n<li>\n<p class=\"preFade fadeIn\"><strong>Einwilligung (Art. 6 Abs. 1 S. 1 lit. a) DSGVO)<\/strong> &#8211; Die betroffene Person hat ihre Einwilligung in die Verarbeitung der sie betreffenden personenbezogenen Daten f\u00fcr einen spezifischen Zweck oder mehrere bestimmte Zwecke gegeben.<\/p>\n<\/li>\n<li>\n<p class=\"preFade fadeIn\"><strong>Berechtigte Interessen (Art. 6 Abs. 1 S. 1 lit. f) DSGVO)<\/strong> &#8211; die Verarbeitung ist zur Wahrung der berechtigten Interessen des Verantwortlichen oder eines Dritten notwendig, vorausgesetzt, dass die Interessen, Grundrechte und Grundfreiheiten der betroffenen Person, die den Schutz personenbezogener Daten verlangen, nicht \u00fcberwiegen.<\/p>\n<\/li>\n<\/ul>\n<p class=\"preFade fadeIn\"><strong>Nationale Datenschutzregelungen in Deutschland: <\/strong>Zus\u00e4tzlich zu den Datenschutzregelungen der DSGVO gelten nationale Regelungen zum Datenschutz in Deutschland. Hierzu geh\u00f6rt insbesondere das Gesetz zum Schutz vor Missbrauch personenbezogener Daten bei der Datenverarbeitung (Bundesdatenschutzgesetz \u2013 BDSG). Das BDSG enth\u00e4lt insbesondere Spezialregelungen zum Recht auf Auskunft, zum Recht auf L\u00f6schung, zum Widerspruchsrecht, zur Verarbeitung besonderer Kategorien personenbezogener Daten, zur Verarbeitung f\u00fcr andere Zwecke und zur \u00dcbermittlung sowie automatisierten Entscheidungsfindung im Einzelfall einschlie\u00dflich Profiling. Ferner k\u00f6nnen Landesdatenschutzgesetze der einzelnen Bundesl\u00e4nder zur Anwendung gelangen.<\/p>\n<p class=\"preFade fadeIn\"><strong>Hinweis auf Geltung DSGVO und Schweizer DSG: <\/strong>Diese Datenschutzhinweise dienen sowohl der Informationserteilung nach dem Schweizer DSG als auch nach der Datenschutzgrundverordnung (DSGVO). Aus diesem Grund bitten wir Sie zu beachten, dass aufgrund der breiteren r\u00e4umlichen Anwendung und Verst\u00e4ndlichkeit die Begriffe der DSGVO verwendet werden. Insbesondere statt der im Schweizer DSG verwendeten Begriffe \u201eBearbeitung&#8221; von \u201ePersonendaten&#8221;, &#8220;\u00fcberwiegendes Interesse&#8221; und &#8220;besonders sch\u00fctzenswerte Personendaten&#8221; werden die in der DSGVO verwendeten Begriffe \u201eVerarbeitung&#8221; von \u201epersonenbezogenen Daten&#8221; sowie &#8220;berechtigtes Interesse&#8221; und &#8220;besondere Kategorien von Daten&#8221; verwendet. Die gesetzliche Bedeutung der Begriffe wird jedoch im Rahmen der Geltung des Schweizer DSG weiterhin nach dem Schweizer DSG bestimmt.<\/p>\n<h4 class=\"preFade fadeIn\">\u00c4nderung und Aktualisierung<\/h4>\n<p class=\"preFade fadeIn\">Wir bitten Sie, sich regelm\u00e4\u00dfig \u00fcber den Inhalt unserer Datenschutzerkl\u00e4rung zu informieren. Wir passen die Datenschutzerkl\u00e4rung an, sobald die \u00c4nderungen der von uns durchgef\u00fchrten Datenverarbeitungen dies erforderlich machen. Wir informieren Sie, sobald durch die \u00c4nderungen eine Mitwirkungshandlung Ihrerseits (z.\u00a0B. Einwilligung) oder eine sonstige individuelle Benachrichtigung erforderlich wird.<\/p>\n<p class=\"preFade fadeIn\">Sofern wir in dieser Datenschutzerkl\u00e4rung Adressen und Kontaktinformationen von Unternehmen und Organisationen angeben, bitten wir zu beachten, dass die Adressen sich \u00fcber die Zeit \u00e4ndern k\u00f6nnen und bitten die Angaben vor Kontaktaufnahme zu pr\u00fcfen.<\/p>\n<p class=\"preFade fadeIn\"><a title=\"Rechtstext von Dr. Schwenke - f\u00fcr weitere Informationen bitte anklicken.\" href=\"https:\/\/datenschutz-generator.de\/\" target=\"_blank\" rel=\"noopener\">Erstellt mit kostenlosem Datenschutz-Generator.de von Dr. Thomas Schwenke<\/a><\/p>\n<\/div>\n<\/div>\n<\/div>\n<\/div>\n<\/div>","protected":false},"excerpt":{"rendered":"<p>Datenschutzerkl\u00e4rung Pr\u00e4ambel Mit der folgenden Datenschutzerkl\u00e4rung m\u00f6chten wir Sie dar\u00fcber aufkl\u00e4ren, welche Arten Ihrer personenbezogenen Daten (nachfolgend auch kurz als &#8220;Daten&#8221; bezeichnet) wir zu welchen Zwecken und in welchem Umfang verarbeiten. Die Datenschutzerkl\u00e4rung gilt f\u00fcr alle von uns durchgef\u00fchrten Verarbeitungen personenbezogener Daten, sowohl im Rahmen der Erbringung unserer Leistungen als auch insbesondere auf unseren Webseiten, [&hellip;]<\/p>\n","protected":false},"author":1,"featured_media":0,"parent":0,"menu_order":0,"comment_status":"closed","ping_status":"open","template":"","meta":{"footnotes":""},"class_list":["post-3","page","type-page","status-publish","hentry"],"yoast_head":"<!-- This site is optimized with the Yoast SEO plugin v27.4 - https:\/\/yoast.com\/product\/yoast-seo-wordpress\/ -->\n<title>Privacy Policy - Mathias Foit<\/title>\n<meta name=\"robots\" content=\"index, follow, max-snippet:-1, max-image-preview:large, max-video-preview:-1\" \/>\n<link rel=\"canonical\" href=\"https:\/\/mathiasfoit.com\/de\/privacy-policy\/\" \/>\n<meta property=\"og:locale\" content=\"de_DE\" \/>\n<meta property=\"og:type\" content=\"article\" \/>\n<meta property=\"og:title\" content=\"Privacy Policy - Mathias Foit\" \/>\n<meta property=\"og:description\" content=\"Datenschutzerkl\u00e4rung Pr\u00e4ambel Mit der folgenden Datenschutzerkl\u00e4rung m\u00f6chten wir Sie dar\u00fcber aufkl\u00e4ren, welche Arten Ihrer personenbezogenen Daten (nachfolgend auch kurz als &#8220;Daten&#8221; bezeichnet) wir zu welchen Zwecken und in welchem Umfang verarbeiten. Die Datenschutzerkl\u00e4rung gilt f\u00fcr alle von uns durchgef\u00fchrten Verarbeitungen personenbezogener Daten, sowohl im Rahmen der Erbringung unserer Leistungen als auch insbesondere auf unseren Webseiten, [&hellip;]\" \/>\n<meta property=\"og:url\" content=\"https:\/\/mathiasfoit.com\/de\/privacy-policy\/\" \/>\n<meta property=\"og:site_name\" content=\"Mathias Foit\" \/>\n<meta property=\"article:modified_time\" content=\"2024-09-28T06:04:16+00:00\" \/>\n<meta name=\"twitter:card\" content=\"summary_large_image\" \/>\n<meta name=\"twitter:label1\" content=\"Gesch\u00e4tzte Lesezeit\" \/>\n\t<meta name=\"twitter:data1\" content=\"3\u00a0Minuten\" \/>\n<script type=\"application\/ld+json\" class=\"yoast-schema-graph\">{\"@context\":\"https:\\\/\\\/schema.org\",\"@graph\":[{\"@type\":\"WebPage\",\"@id\":\"https:\\\/\\\/mathiasfoit.com\\\/privacy-policy\\\/\",\"url\":\"https:\\\/\\\/mathiasfoit.com\\\/privacy-policy\\\/\",\"name\":\"Privacy Policy - Mathias Foit\",\"isPartOf\":{\"@id\":\"https:\\\/\\\/mathiasfoit.com\\\/pl\\\/#website\"},\"datePublished\":\"2024-09-16T10:53:12+00:00\",\"dateModified\":\"2024-09-28T06:04:16+00:00\",\"breadcrumb\":{\"@id\":\"https:\\\/\\\/mathiasfoit.com\\\/privacy-policy\\\/#breadcrumb\"},\"inLanguage\":\"de\",\"potentialAction\":[{\"@type\":\"ReadAction\",\"target\":[\"https:\\\/\\\/mathiasfoit.com\\\/privacy-policy\\\/\"]}]},{\"@type\":\"BreadcrumbList\",\"@id\":\"https:\\\/\\\/mathiasfoit.com\\\/privacy-policy\\\/#breadcrumb\",\"itemListElement\":[{\"@type\":\"ListItem\",\"position\":1,\"name\":\"Startseite\",\"item\":\"https:\\\/\\\/mathiasfoit.com\\\/pl\\\/\"},{\"@type\":\"ListItem\",\"position\":2,\"name\":\"Privacy Policy\"}]},{\"@type\":\"WebSite\",\"@id\":\"https:\\\/\\\/mathiasfoit.com\\\/pl\\\/#website\",\"url\":\"https:\\\/\\\/mathiasfoit.com\\\/pl\\\/\",\"name\":\"Mathias Foit\",\"description\":\"\",\"publisher\":{\"@id\":\"https:\\\/\\\/mathiasfoit.com\\\/pl\\\/#\\\/schema\\\/person\\\/dcbf26b1269f1bd0f761bef101d2edb6\"},\"potentialAction\":[{\"@type\":\"SearchAction\",\"target\":{\"@type\":\"EntryPoint\",\"urlTemplate\":\"https:\\\/\\\/mathiasfoit.com\\\/pl\\\/?s={search_term_string}\"},\"query-input\":{\"@type\":\"PropertyValueSpecification\",\"valueRequired\":true,\"valueName\":\"search_term_string\"}}],\"inLanguage\":\"de\"},{\"@type\":[\"Person\",\"Organization\"],\"@id\":\"https:\\\/\\\/mathiasfoit.com\\\/pl\\\/#\\\/schema\\\/person\\\/dcbf26b1269f1bd0f761bef101d2edb6\",\"name\":\"admin\",\"image\":{\"@type\":\"ImageObject\",\"inLanguage\":\"de\",\"@id\":\"https:\\\/\\\/mathiasfoit.com\\\/wp-content\\\/uploads\\\/2024\\\/09\\\/cropped-Logo_1.png\",\"url\":\"https:\\\/\\\/mathiasfoit.com\\\/wp-content\\\/uploads\\\/2024\\\/09\\\/cropped-Logo_1.png\",\"contentUrl\":\"https:\\\/\\\/mathiasfoit.com\\\/wp-content\\\/uploads\\\/2024\\\/09\\\/cropped-Logo_1.png\",\"width\":744,\"height\":613,\"caption\":\"admin\"},\"logo\":{\"@id\":\"https:\\\/\\\/mathiasfoit.com\\\/wp-content\\\/uploads\\\/2024\\\/09\\\/cropped-Logo_1.png\"},\"sameAs\":[\"https:\\\/\\\/mathiasfoit.com\"]}]}<\/script>\n<!-- \/ Yoast SEO plugin. -->","yoast_head_json":{"title":"Privacy Policy - Mathias Foit","robots":{"index":"index","follow":"follow","max-snippet":"max-snippet:-1","max-image-preview":"max-image-preview:large","max-video-preview":"max-video-preview:-1"},"canonical":"https:\/\/mathiasfoit.com\/de\/privacy-policy\/","og_locale":"de_DE","og_type":"article","og_title":"Privacy Policy - Mathias Foit","og_description":"Datenschutzerkl\u00e4rung Pr\u00e4ambel Mit der folgenden Datenschutzerkl\u00e4rung m\u00f6chten wir Sie dar\u00fcber aufkl\u00e4ren, welche Arten Ihrer personenbezogenen Daten (nachfolgend auch kurz als &#8220;Daten&#8221; bezeichnet) wir zu welchen Zwecken und in welchem Umfang verarbeiten. Die Datenschutzerkl\u00e4rung gilt f\u00fcr alle von uns durchgef\u00fchrten Verarbeitungen personenbezogener Daten, sowohl im Rahmen der Erbringung unserer Leistungen als auch insbesondere auf unseren Webseiten, [&hellip;]","og_url":"https:\/\/mathiasfoit.com\/de\/privacy-policy\/","og_site_name":"Mathias Foit","article_modified_time":"2024-09-28T06:04:16+00:00","twitter_card":"summary_large_image","twitter_misc":{"Gesch\u00e4tzte Lesezeit":"3\u00a0Minuten"},"schema":{"@context":"https:\/\/schema.org","@graph":[{"@type":"WebPage","@id":"https:\/\/mathiasfoit.com\/privacy-policy\/","url":"https:\/\/mathiasfoit.com\/privacy-policy\/","name":"Privacy Policy - Mathias Foit","isPartOf":{"@id":"https:\/\/mathiasfoit.com\/pl\/#website"},"datePublished":"2024-09-16T10:53:12+00:00","dateModified":"2024-09-28T06:04:16+00:00","breadcrumb":{"@id":"https:\/\/mathiasfoit.com\/privacy-policy\/#breadcrumb"},"inLanguage":"de","potentialAction":[{"@type":"ReadAction","target":["https:\/\/mathiasfoit.com\/privacy-policy\/"]}]},{"@type":"BreadcrumbList","@id":"https:\/\/mathiasfoit.com\/privacy-policy\/#breadcrumb","itemListElement":[{"@type":"ListItem","position":1,"name":"Startseite","item":"https:\/\/mathiasfoit.com\/pl\/"},{"@type":"ListItem","position":2,"name":"Privacy Policy"}]},{"@type":"WebSite","@id":"https:\/\/mathiasfoit.com\/pl\/#website","url":"https:\/\/mathiasfoit.com\/pl\/","name":"Mathias Foit","description":"","publisher":{"@id":"https:\/\/mathiasfoit.com\/pl\/#\/schema\/person\/dcbf26b1269f1bd0f761bef101d2edb6"},"potentialAction":[{"@type":"SearchAction","target":{"@type":"EntryPoint","urlTemplate":"https:\/\/mathiasfoit.com\/pl\/?s={search_term_string}"},"query-input":{"@type":"PropertyValueSpecification","valueRequired":true,"valueName":"search_term_string"}}],"inLanguage":"de"},{"@type":["Person","Organization"],"@id":"https:\/\/mathiasfoit.com\/pl\/#\/schema\/person\/dcbf26b1269f1bd0f761bef101d2edb6","name":"admin","image":{"@type":"ImageObject","inLanguage":"de","@id":"https:\/\/mathiasfoit.com\/wp-content\/uploads\/2024\/09\/cropped-Logo_1.png","url":"https:\/\/mathiasfoit.com\/wp-content\/uploads\/2024\/09\/cropped-Logo_1.png","contentUrl":"https:\/\/mathiasfoit.com\/wp-content\/uploads\/2024\/09\/cropped-Logo_1.png","width":744,"height":613,"caption":"admin"},"logo":{"@id":"https:\/\/mathiasfoit.com\/wp-content\/uploads\/2024\/09\/cropped-Logo_1.png"},"sameAs":["https:\/\/mathiasfoit.com"]}]}},"_links":{"self":[{"href":"https:\/\/mathiasfoit.com\/de\/wp-json\/wp\/v2\/pages\/3","targetHints":{"allow":["GET"]}}],"collection":[{"href":"https:\/\/mathiasfoit.com\/de\/wp-json\/wp\/v2\/pages"}],"about":[{"href":"https:\/\/mathiasfoit.com\/de\/wp-json\/wp\/v2\/types\/page"}],"author":[{"embeddable":true,"href":"https:\/\/mathiasfoit.com\/de\/wp-json\/wp\/v2\/users\/1"}],"replies":[{"embeddable":true,"href":"https:\/\/mathiasfoit.com\/de\/wp-json\/wp\/v2\/comments?post=3"}],"version-history":[{"count":2,"href":"https:\/\/mathiasfoit.com\/de\/wp-json\/wp\/v2\/pages\/3\/revisions"}],"predecessor-version":[{"id":491,"href":"https:\/\/mathiasfoit.com\/de\/wp-json\/wp\/v2\/pages\/3\/revisions\/491"}],"wp:attachment":[{"href":"https:\/\/mathiasfoit.com\/de\/wp-json\/wp\/v2\/media?parent=3"}],"curies":[{"name":"wp","href":"https:\/\/api.w.org\/{rel}","templated":true}]}}