{"id":105,"date":"2024-09-16T10:37:12","date_gmt":"2024-09-16T10:37:12","guid":{"rendered":"https:\/\/mathiasfoit.com\/home\/"},"modified":"2024-10-09T08:45:10","modified_gmt":"2024-10-09T06:45:10","slug":"home","status":"publish","type":"page","link":"https:\/\/mathiasfoit.com\/pl\/","title":{"rendered":"STRONA G\u0141\u00d3WNA"},"content":{"rendered":"<div data-elementor-type=\"wp-page\" data-elementor-id=\"105\" class=\"elementor elementor-105\" data-elementor-post-type=\"page\">\n\t\t\t\t<div class=\"elementor-element elementor-element-92f0496 e-flex e-con-boxed e-con e-parent\" data-id=\"92f0496\" data-element_type=\"container\" data-e-type=\"container\">\n\t\t\t\t\t<div class=\"e-con-inner\">\n\t\t<div class=\"elementor-element elementor-element-e5671e7 e-con-full e-flex e-con e-child\" data-id=\"e5671e7\" data-element_type=\"container\" data-e-type=\"container\">\n\t\t\t\t<div class=\"elementor-element elementor-element-2ae7c43 elementor-widget elementor-widget-image\" data-id=\"2ae7c43\" data-element_type=\"widget\" data-e-type=\"widget\" data-widget_type=\"image.default\">\n\t\t\t\t<div class=\"elementor-widget-container\">\n\t\t\t\t\t\t\t\t\t\t\t\t\t\t\t<img decoding=\"async\" src=\"https:\/\/mathiasfoit.com\/wp-content\/uploads\/elementor\/thumbs\/Mathias-Foit-_-Profilbild-e1728454620816-qvajggem09zjghkwhu5vepbh5kwd64b93yfrz9lx2o.jpeg\" title=\"Mathias Foit _ Profilbild\" alt=\"Mathias Foit _ Profilbild\" loading=\"lazy\" \/>\t\t\t\t\t\t\t\t\t\t\t\t\t\t\t<\/div>\n\t\t\t\t<\/div>\n\t\t\t\t<\/div>\n\t\t<div class=\"elementor-element elementor-element-6536cc2 e-con-full e-flex e-con e-child\" data-id=\"6536cc2\" data-element_type=\"container\" data-e-type=\"container\">\n\t\t<div class=\"elementor-element elementor-element-1f30ba4 e-con-full e-flex e-con e-child\" data-id=\"1f30ba4\" data-element_type=\"container\" data-e-type=\"container\">\n\t\t\t\t<div class=\"elementor-element elementor-element-6c46829 elementor-widget elementor-widget-heading\" data-id=\"6c46829\" data-element_type=\"widget\" data-e-type=\"widget\" data-widget_type=\"heading.default\">\n\t\t\t\t<div class=\"elementor-widget-container\">\n\t\t\t\t\t<h2 class=\"elementor-heading-title elementor-size-default\">Witam na mojej stronie!<\/h2>\t\t\t\t<\/div>\n\t\t\t\t<\/div>\n\t\t\t\t<div class=\"elementor-element elementor-element-f5693ac elementor-widget elementor-widget-text-editor\" data-id=\"f5693ac\" data-element_type=\"widget\" data-e-type=\"widget\" data-widget_type=\"text-editor.default\">\n\t\t\t\t<div class=\"elementor-widget-container\">\n\t\t\t\t\t\t\t\t\t<p>Uko\u0144czy\u0142em studia anglistyczne ze specjalizacj\u0105 translatologia i szczeg\u00f3lnymi zainteresowaniami w dziedzinie literaturo- i kulturoznawstwa. Otrzyma\u0142em doktorat z historii najnowszej na Wolnym Uniwersytecie Berli\u0144skim. Opr\u00f3cz tego studiowa\u0142em na Uniwersytecie Wroc\u0142awskim i Uniwersytecie Po\u0142udniowej Walii.<\/p>\t\t\t\t\t\t\t\t<\/div>\n\t\t\t\t<\/div>\n\t\t\t\t<\/div>\n\t\t\t\t<\/div>\n\t\t\t\t\t<\/div>\n\t\t\t\t<\/div>\n\t\t<div class=\"elementor-element elementor-element-33f5aa8 e-flex e-con-boxed e-con e-parent\" data-id=\"33f5aa8\" data-element_type=\"container\" data-e-type=\"container\">\n\t\t\t\t\t<div class=\"e-con-inner\">\n\t\t<div class=\"elementor-element elementor-element-03955f9 e-con-full e-flex e-con e-child\" data-id=\"03955f9\" data-element_type=\"container\" data-e-type=\"container\">\n\t\t\t\t<div class=\"elementor-element elementor-element-f253446 elementor-widget elementor-widget-text-editor\" data-id=\"f253446\" data-element_type=\"widget\" data-e-type=\"widget\" data-widget_type=\"text-editor.default\">\n\t\t\t\t<div class=\"elementor-widget-container\">\n\t\t\t\t\t\t\t\t\t<p class=\"translation-block\">Jako badacz zajmuj\u0119 si\u0119 w szczeg\u00f3lno\u015bci histori\u0105 relacji mi\u0119dzy p\u0142ciami (historia gender) oraz seksualno\u015bci, zw\u0142aszcza tzw. queerstori\u0105 (histori\u0105 queer). Moja pierwsza monografia, Queer Urbanisms in Wilhelmine and Weimar Germany: Of Towns and Villages (2023), mapuje dotychczas niezbadany \u015bwiat spo\u0142ecznego, politycznego i kulturowego \u017cycia odmie\u0144czego (queerowego) na by\u0142ych wschodnich terenach niemieckich na pocz\u0105tku XX w. Ponadto uczestnicz\u0119 w wielu projektach po\u015bwi\u0119conych lokalnej i regionalnej historii queer w Europie \u015arodkowo-Wschodniej \u2013 ostatnio w przedsi\u0119wzi\u0119ciu zatytu\u0142owanym <a href=\"https:\/\/mathiasfoit.com\/pl\/projects\/\" target=\"_self\"><em> Odmie\u0144cy. Queerowy Wroc\u0142aw w latach \u00a0<\/em><\/a> 1871-1949.<\/p>\t\t\t\t\t\t\t\t<\/div>\n\t\t\t\t<\/div>\n\t\t\t\t<\/div>\n\t\t\t\t\t<\/div>\n\t\t\t\t<\/div>\n\t\t<div class=\"elementor-element elementor-element-927631d e-flex e-con-boxed elementor-invisible e-con e-parent\" data-id=\"927631d\" data-element_type=\"container\" data-e-type=\"container\" data-settings=\"{&quot;background_background&quot;:&quot;classic&quot;,&quot;animation&quot;:&quot;fadeIn&quot;}\">\n\t\t\t\t\t<div class=\"e-con-inner\">\n\t\t<div class=\"elementor-element elementor-element-113cf3d e-con-full e-flex e-con e-child\" data-id=\"113cf3d\" data-element_type=\"container\" data-e-type=\"container\">\n\t\t\t\t<div class=\"elementor-element elementor-element-ce58128 elementor-widget elementor-widget-heading\" data-id=\"ce58128\" data-element_type=\"widget\" data-e-type=\"widget\" data-widget_type=\"heading.default\">\n\t\t\t\t<div class=\"elementor-widget-container\">\n\t\t\t\t\t<h2 class=\"elementor-heading-title elementor-size-default\">Moje zainteresowania<\/h2>\t\t\t\t<\/div>\n\t\t\t\t<\/div>\n\t\t\t\t<\/div>\n\t\t<div class=\"elementor-element elementor-element-68f71b6 e-con-full e-flex e-con e-child\" data-id=\"68f71b6\" data-element_type=\"container\" data-e-type=\"container\">\n\t\t\t\t<div class=\"elementor-element elementor-element-372c8a7 elementor-widget elementor-widget-text-editor\" data-id=\"372c8a7\" data-element_type=\"widget\" data-e-type=\"widget\" data-widget_type=\"text-editor.default\">\n\t\t\t\t<div class=\"elementor-widget-container\">\n\t\t\t\t\t\t\t\t\t<div class=\"fe-block fe-block-f757529c0a695f3e1ccf\"><div id=\"block-f757529c0a695f3e1ccf\" class=\"sqs-block html-block sqs-block-html\" data-blend-mode=\"NORMAL\" data-block-type=\"2\" data-border-radii=\"{&quot;topLeft&quot;:{&quot;unit&quot;:&quot;px&quot;,&quot;value&quot;:0.0},&quot;topRight&quot;:{&quot;unit&quot;:&quot;px&quot;,&quot;value&quot;:0.0},&quot;bottomLeft&quot;:{&quot;unit&quot;:&quot;px&quot;,&quot;value&quot;:0.0},&quot;bottomRight&quot;:{&quot;unit&quot;:&quot;px&quot;,&quot;value&quot;:0.0}}\"><div class=\"sqs-block-content\"><div class=\"sqs-html-content\">Moje zainteresowania naukowe skupiaj\u0105 si\u0119 m.in. wok\u00f3\u0142 wsp\u00f3\u0142czesnej historii queer (od ko\u0144ca XIX do ko\u0144ca XX w.), relacji pomi\u0119dzy odmie\u0144czo\u015bci\u0105 a nacjonalizmem, historii ludowej, geografii queerowej oraz geografii seksu(alno\u015bci).\nUrodzi\u0142em si\u0119 i wychowa\u0142em na G\u00f3rnym \u015al\u0105sku, lecz od 2016 r. mieszkam na sta\u0142e w Berlinie.<\/div><\/div><\/div><\/div><div class=\"fe-block fe-block-867cf046b75bfc7e974b\"><div id=\"block-867cf046b75bfc7e974b\" class=\"sqs-block html-block sqs-block-html\" data-blend-mode=\"NORMAL\" data-block-type=\"2\" data-border-radii=\"{&quot;topLeft&quot;:{&quot;unit&quot;:&quot;px&quot;,&quot;value&quot;:0.0},&quot;topRight&quot;:{&quot;unit&quot;:&quot;px&quot;,&quot;value&quot;:0.0},&quot;bottomLeft&quot;:{&quot;unit&quot;:&quot;px&quot;,&quot;value&quot;:0.0},&quot;bottomRight&quot;:{&quot;unit&quot;:&quot;px&quot;,&quot;value&quot;:0.0}}\"><div class=\"sqs-block-content\"><div class=\"sqs-html-content\"><p class=\"sqsrte-large preFade fadeIn\">Born and raised in Upper Silesia in Poland, I have been based in Berlin since 2016.<\/p><\/div><\/div><\/div><\/div>\t\t\t\t\t\t\t\t<\/div>\n\t\t\t\t<\/div>\n\t\t\t\t<\/div>\n\t\t\t\t\t<\/div>\n\t\t\t\t<\/div>\n\t\t<div class=\"elementor-element elementor-element-782dbb2 e-flex e-con-boxed elementor-invisible e-con e-parent\" data-id=\"782dbb2\" data-element_type=\"container\" data-e-type=\"container\" data-settings=\"{&quot;animation&quot;:&quot;fadeIn&quot;}\">\n\t\t\t\t\t<div class=\"e-con-inner\">\n\t\t\t\t<div class=\"elementor-element elementor-element-5d63916 elementor-widget elementor-widget-text-editor\" data-id=\"5d63916\" data-element_type=\"widget\" data-e-type=\"widget\" data-widget_type=\"text-editor.default\">\n\t\t\t\t<div class=\"elementor-widget-container\">\n\t\t\t\t\t\t\t\t\t<p class=\"translation-block\">Zach\u0119cam do zapoznania si\u0119 z tre\u015bci\u0105 mojej strony internetowej, kt\u00f3ra daje wgl\u0105d w moj\u0105 dzia\u0142alno\u015b\u0107 naukow\u0105 i badawcz\u0105. Je\u015bli chcesz si\u0119 ze mn\u0105 skontaktowa\u0107, moje dane znajdziesz <a href=\"https:\/\/mathiasfoit.com\/pl\/contact\/\" target=\"_self\"> tutaj <\/a>\u2013 uciesz\u0119 si\u0119 z ka\u017cdej wiadomo\u015bci!<\/p>\t\t\t\t\t\t\t\t<\/div>\n\t\t\t\t<\/div>\n\t\t\t\t\t<\/div>\n\t\t\t\t<\/div>\n\t\t\t\t<\/div>","protected":false},"excerpt":{"rendered":"<p>Welcome I\u2019m a graduate in Anglophone literary, cultural and translation studies, and I hold a PhD degree in the history of the late modern period from the Free University of Berlin. I also studied at the University of Wroc\u0142aw and the University of South Wales. As a scholar, I specialise in the history of gender [&hellip;]<\/p>\n","protected":false},"author":1,"featured_media":0,"parent":0,"menu_order":0,"comment_status":"closed","ping_status":"closed","template":"elementor_header_footer","meta":{"footnotes":""},"class_list":["post-105","page","type-page","status-publish","hentry"],"yoast_head":"<!-- This site is optimized with the Yoast SEO plugin v27.4 - https:\/\/yoast.com\/product\/yoast-seo-wordpress\/ -->\n<title>Home - Mathias Foit<\/title>\n<meta name=\"robots\" content=\"index, follow, max-snippet:-1, max-image-preview:large, max-video-preview:-1\" \/>\n<link rel=\"canonical\" href=\"https:\/\/mathiasfoit.com\/pl\/\" \/>\n<meta property=\"og:locale\" content=\"pl_PL\" \/>\n<meta property=\"og:type\" content=\"article\" \/>\n<meta property=\"og:title\" content=\"Home - Mathias Foit\" \/>\n<meta property=\"og:description\" content=\"Welcome I\u2019m a graduate in Anglophone literary, cultural and translation studies, and I hold a PhD degree in the history of the late modern period from the Free University of Berlin. I also studied at the University of Wroc\u0142aw and the University of South Wales. As a scholar, I specialise in the history of gender [&hellip;]\" \/>\n<meta property=\"og:url\" content=\"https:\/\/mathiasfoit.com\/pl\/\" \/>\n<meta property=\"og:site_name\" content=\"Mathias Foit\" \/>\n<meta property=\"article:modified_time\" content=\"2024-10-09T06:45:10+00:00\" \/>\n<meta property=\"og:image\" content=\"https:\/\/mathiasfoit.com\/wp-content\/uploads\/2024\/09\/Mathias-Foit-_-Profilbild-e1728454620816-150x150.jpeg\" \/>\n<meta name=\"twitter:card\" content=\"summary_large_image\" \/>\n<meta name=\"twitter:label1\" content=\"Szacowany czas czytania\" \/>\n\t<meta name=\"twitter:data1\" content=\"2 minuty\" \/>\n<script type=\"application\/ld+json\" class=\"yoast-schema-graph\">{\"@context\":\"https:\\\/\\\/schema.org\",\"@graph\":[{\"@type\":\"WebPage\",\"@id\":\"https:\\\/\\\/mathiasfoit.com\\\/pl\\\/\",\"url\":\"https:\\\/\\\/mathiasfoit.com\\\/pl\\\/\",\"name\":\"Home - Mathias Foit\",\"isPartOf\":{\"@id\":\"https:\\\/\\\/mathiasfoit.com\\\/pl\\\/#website\"},\"primaryImageOfPage\":{\"@id\":\"https:\\\/\\\/mathiasfoit.com\\\/pl\\\/#primaryimage\"},\"image\":{\"@id\":\"https:\\\/\\\/mathiasfoit.com\\\/pl\\\/#primaryimage\"},\"thumbnailUrl\":\"https:\\\/\\\/mathiasfoit.com\\\/wp-content\\\/uploads\\\/2024\\\/09\\\/Mathias-Foit-_-Profilbild-e1728454620816-150x150.jpeg\",\"datePublished\":\"2024-09-16T10:37:12+00:00\",\"dateModified\":\"2024-10-09T06:45:10+00:00\",\"breadcrumb\":{\"@id\":\"https:\\\/\\\/mathiasfoit.com\\\/pl\\\/#breadcrumb\"},\"inLanguage\":\"pl-PL\",\"potentialAction\":[{\"@type\":\"ReadAction\",\"target\":[\"https:\\\/\\\/mathiasfoit.com\\\/pl\\\/\"]}]},{\"@type\":\"ImageObject\",\"inLanguage\":\"pl-PL\",\"@id\":\"https:\\\/\\\/mathiasfoit.com\\\/pl\\\/#primaryimage\",\"url\":\"https:\\\/\\\/mathiasfoit.com\\\/wp-content\\\/uploads\\\/2024\\\/09\\\/Mathias-Foit-_-Profilbild-e1728454620816-150x150.jpeg\",\"contentUrl\":\"https:\\\/\\\/mathiasfoit.com\\\/wp-content\\\/uploads\\\/2024\\\/09\\\/Mathias-Foit-_-Profilbild-e1728454620816-150x150.jpeg\"},{\"@type\":\"BreadcrumbList\",\"@id\":\"https:\\\/\\\/mathiasfoit.com\\\/pl\\\/#breadcrumb\",\"itemListElement\":[{\"@type\":\"ListItem\",\"position\":1,\"name\":\"Startseite\",\"item\":\"https:\\\/\\\/mathiasfoit.com\\\/pl\\\/\"},{\"@type\":\"ListItem\",\"position\":2,\"name\":\"Home\"}]},{\"@type\":\"WebSite\",\"@id\":\"https:\\\/\\\/mathiasfoit.com\\\/pl\\\/#website\",\"url\":\"https:\\\/\\\/mathiasfoit.com\\\/pl\\\/\",\"name\":\"Mathias Foit\",\"description\":\"\",\"publisher\":{\"@id\":\"https:\\\/\\\/mathiasfoit.com\\\/pl\\\/#\\\/schema\\\/person\\\/dcbf26b1269f1bd0f761bef101d2edb6\"},\"potentialAction\":[{\"@type\":\"SearchAction\",\"target\":{\"@type\":\"EntryPoint\",\"urlTemplate\":\"https:\\\/\\\/mathiasfoit.com\\\/pl\\\/?s={search_term_string}\"},\"query-input\":{\"@type\":\"PropertyValueSpecification\",\"valueRequired\":true,\"valueName\":\"search_term_string\"}}],\"inLanguage\":\"pl-PL\"},{\"@type\":[\"Person\",\"Organization\"],\"@id\":\"https:\\\/\\\/mathiasfoit.com\\\/pl\\\/#\\\/schema\\\/person\\\/dcbf26b1269f1bd0f761bef101d2edb6\",\"name\":\"admin\",\"image\":{\"@type\":\"ImageObject\",\"inLanguage\":\"pl-PL\",\"@id\":\"https:\\\/\\\/mathiasfoit.com\\\/wp-content\\\/uploads\\\/2024\\\/09\\\/cropped-Logo_1.png\",\"url\":\"https:\\\/\\\/mathiasfoit.com\\\/wp-content\\\/uploads\\\/2024\\\/09\\\/cropped-Logo_1.png\",\"contentUrl\":\"https:\\\/\\\/mathiasfoit.com\\\/wp-content\\\/uploads\\\/2024\\\/09\\\/cropped-Logo_1.png\",\"width\":744,\"height\":613,\"caption\":\"admin\"},\"logo\":{\"@id\":\"https:\\\/\\\/mathiasfoit.com\\\/wp-content\\\/uploads\\\/2024\\\/09\\\/cropped-Logo_1.png\"},\"sameAs\":[\"https:\\\/\\\/mathiasfoit.com\"]}]}<\/script>\n<!-- \/ Yoast SEO plugin. -->","yoast_head_json":{"title":"Home - Mathias Foit","robots":{"index":"index","follow":"follow","max-snippet":"max-snippet:-1","max-image-preview":"max-image-preview:large","max-video-preview":"max-video-preview:-1"},"canonical":"https:\/\/mathiasfoit.com\/pl\/","og_locale":"pl_PL","og_type":"article","og_title":"Home - Mathias Foit","og_description":"Welcome I\u2019m a graduate in Anglophone literary, cultural and translation studies, and I hold a PhD degree in the history of the late modern period from the Free University of Berlin. I also studied at the University of Wroc\u0142aw and the University of South Wales. As a scholar, I specialise in the history of gender [&hellip;]","og_url":"https:\/\/mathiasfoit.com\/pl\/","og_site_name":"Mathias Foit","article_modified_time":"2024-10-09T06:45:10+00:00","og_image":[{"url":"https:\/\/mathiasfoit.com\/wp-content\/uploads\/2024\/09\/Mathias-Foit-_-Profilbild-e1728454620816-150x150.jpeg","type":"","width":"","height":""}],"twitter_card":"summary_large_image","twitter_misc":{"Szacowany czas czytania":"2 minuty"},"schema":{"@context":"https:\/\/schema.org","@graph":[{"@type":"WebPage","@id":"https:\/\/mathiasfoit.com\/pl\/","url":"https:\/\/mathiasfoit.com\/pl\/","name":"Home - Mathias Foit","isPartOf":{"@id":"https:\/\/mathiasfoit.com\/pl\/#website"},"primaryImageOfPage":{"@id":"https:\/\/mathiasfoit.com\/pl\/#primaryimage"},"image":{"@id":"https:\/\/mathiasfoit.com\/pl\/#primaryimage"},"thumbnailUrl":"https:\/\/mathiasfoit.com\/wp-content\/uploads\/2024\/09\/Mathias-Foit-_-Profilbild-e1728454620816-150x150.jpeg","datePublished":"2024-09-16T10:37:12+00:00","dateModified":"2024-10-09T06:45:10+00:00","breadcrumb":{"@id":"https:\/\/mathiasfoit.com\/pl\/#breadcrumb"},"inLanguage":"pl-PL","potentialAction":[{"@type":"ReadAction","target":["https:\/\/mathiasfoit.com\/pl\/"]}]},{"@type":"ImageObject","inLanguage":"pl-PL","@id":"https:\/\/mathiasfoit.com\/pl\/#primaryimage","url":"https:\/\/mathiasfoit.com\/wp-content\/uploads\/2024\/09\/Mathias-Foit-_-Profilbild-e1728454620816-150x150.jpeg","contentUrl":"https:\/\/mathiasfoit.com\/wp-content\/uploads\/2024\/09\/Mathias-Foit-_-Profilbild-e1728454620816-150x150.jpeg"},{"@type":"BreadcrumbList","@id":"https:\/\/mathiasfoit.com\/pl\/#breadcrumb","itemListElement":[{"@type":"ListItem","position":1,"name":"Startseite","item":"https:\/\/mathiasfoit.com\/pl\/"},{"@type":"ListItem","position":2,"name":"Home"}]},{"@type":"WebSite","@id":"https:\/\/mathiasfoit.com\/pl\/#website","url":"https:\/\/mathiasfoit.com\/pl\/","name":"Mathias Foit","description":"","publisher":{"@id":"https:\/\/mathiasfoit.com\/pl\/#\/schema\/person\/dcbf26b1269f1bd0f761bef101d2edb6"},"potentialAction":[{"@type":"SearchAction","target":{"@type":"EntryPoint","urlTemplate":"https:\/\/mathiasfoit.com\/pl\/?s={search_term_string}"},"query-input":{"@type":"PropertyValueSpecification","valueRequired":true,"valueName":"search_term_string"}}],"inLanguage":"pl-PL"},{"@type":["Person","Organization"],"@id":"https:\/\/mathiasfoit.com\/pl\/#\/schema\/person\/dcbf26b1269f1bd0f761bef101d2edb6","name":"admin","image":{"@type":"ImageObject","inLanguage":"pl-PL","@id":"https:\/\/mathiasfoit.com\/wp-content\/uploads\/2024\/09\/cropped-Logo_1.png","url":"https:\/\/mathiasfoit.com\/wp-content\/uploads\/2024\/09\/cropped-Logo_1.png","contentUrl":"https:\/\/mathiasfoit.com\/wp-content\/uploads\/2024\/09\/cropped-Logo_1.png","width":744,"height":613,"caption":"admin"},"logo":{"@id":"https:\/\/mathiasfoit.com\/wp-content\/uploads\/2024\/09\/cropped-Logo_1.png"},"sameAs":["https:\/\/mathiasfoit.com"]}]}},"_links":{"self":[{"href":"https:\/\/mathiasfoit.com\/pl\/wp-json\/wp\/v2\/pages\/105","targetHints":{"allow":["GET"]}}],"collection":[{"href":"https:\/\/mathiasfoit.com\/pl\/wp-json\/wp\/v2\/pages"}],"about":[{"href":"https:\/\/mathiasfoit.com\/pl\/wp-json\/wp\/v2\/types\/page"}],"author":[{"embeddable":true,"href":"https:\/\/mathiasfoit.com\/pl\/wp-json\/wp\/v2\/users\/1"}],"replies":[{"embeddable":true,"href":"https:\/\/mathiasfoit.com\/pl\/wp-json\/wp\/v2\/comments?post=105"}],"version-history":[{"count":277,"href":"https:\/\/mathiasfoit.com\/pl\/wp-json\/wp\/v2\/pages\/105\/revisions"}],"predecessor-version":[{"id":1009,"href":"https:\/\/mathiasfoit.com\/pl\/wp-json\/wp\/v2\/pages\/105\/revisions\/1009"}],"wp:attachment":[{"href":"https:\/\/mathiasfoit.com\/pl\/wp-json\/wp\/v2\/media?parent=105"}],"curies":[{"name":"wp","href":"https:\/\/api.w.org\/{rel}","templated":true}]}}